{"id":3624,"date":"2014-12-12T10:33:34","date_gmt":"2014-12-12T09:33:34","guid":{"rendered":"https:\/\/undsgn.com\/uncode_new\/?page_id=3624"},"modified":"2019-09-19T17:56:51","modified_gmt":"2019-09-19T15:56:51","slug":"about-simple","status":"publish","type":"page","link":"http:\/\/gwendolinedebacker.com\/en\/pages\/about-simple\/","title":{"rendered":"About Simple"},"content":{"rendered":"<p>[vc_row row_height_percent=&#8221;50&#8243; override_padding=&#8221;yes&#8221; h_padding=&#8221;2&#8243; top_padding=&#8221;3&#8243; bottom_padding=&#8221;3&#8243; back_color=&#8221;color-wayh&#8221; back_image=&#8221;11307&#8243; back_position=&#8221;center top&#8221; overlay_color=&#8221;accent&#8221; overlay_alpha=&#8221;90&#8243; gutter_size=&#8221;3&#8243; shift_y=&#8221;0&#8243;][vc_column column_width_percent=&#8221;100&#8243; position_vertical=&#8221;bottom&#8221; style=&#8221;dark&#8221; overlay_alpha=&#8221;50&#8243; gutter_size=&#8221;3&#8243; medium_width=&#8221;0&#8243; shift_x=&#8221;0&#8243; shift_y=&#8221;0&#8243; zoom_width=&#8221;0&#8243; zoom_height=&#8221;0&#8243; width=&#8221;1\/1&#8243;][vc_custom_heading heading_semantic=&#8221;h1&#8243; text_size=&#8221;fontsize-338686&#8243; text_height=&#8221;fontheight-179065&#8243; text_font=&#8221;font-762333&#8243; text_weight=&#8221;700&#8243; sub_reduced=&#8221;yes&#8221;]Hello!<br \/>\nHere we are.[\/vc_custom_heading][\/vc_column][\/vc_row][vc_row row_height_percent=&#8221;0&#8243; override_padding=&#8221;yes&#8221; h_padding=&#8221;2&#8243; top_padding=&#8221;3&#8243; bottom_padding=&#8221;3&#8243; overlay_color=&#8221;color-xsdn&#8221; overlay_alpha=&#8221;70&#8243; gutter_size=&#8221;100&#8243; shift_y=&#8221;0&#8243; style=&#8221;inherited&#8221; row_name=&#8221;Welcome&#8221;][vc_column column_width_percent=&#8221;100&#8243; overlay_alpha=&#8221;50&#8243; gutter_size=&#8221;1&#8243; medium_width=&#8221;0&#8243; shift_x=&#8221;0&#8243; shift_y=&#8221;0&#8243; z_index=&#8221;0&#8243; width=&#8221;1\/4&#8243;][vc_custom_heading text_size=&#8221;h4&#8243; text_font=&#8221;font-762333&#8243; text_transform=&#8221;capitalize&#8221; text_align=&#8221;text-left&#8221; text_uppercase=&#8221;&#8221;]About[\/vc_custom_heading][\/vc_column][vc_column column_width_percent=&#8221;100&#8243; overlay_alpha=&#8221;50&#8243; gutter_size=&#8221;3&#8243; medium_width=&#8221;0&#8243; shift_x=&#8221;0&#8243; shift_y=&#8221;0&#8243; zoom_width=&#8221;0&#8243; zoom_height=&#8221;0&#8243; width=&#8221;3\/4&#8243;][vc_row_inner row_inner_height_percent=&#8221;0&#8243; overlay_alpha=&#8221;50&#8243; gutter_size=&#8221;4&#8243; shift_y=&#8221;0&#8243;][vc_column_inner width=&#8221;1\/2&#8243;][vc_column_text]<\/p>\n<p style=\"text-align: justify;\">La photographie, une histoire d\u2019amour qui d\u00e9marre lors d\u2019une tranche de vie \u00e0 New\u00a0York.<\/p>\n<p style=\"text-align: justify;\">En promenant mon bouledogue fran\u00e7ais Harry, au d\u00e9tour des rues et des avenues newyorkaises, mon attention est attir\u00e9e par des v\u00e9los cass\u00e9s, laiss\u00e9s \u00e0 l\u2019abandon, d\u00e9soss\u00e9s au fil du temps, comme des carcasses d\u2019animaux oubli\u00e9es, perdues dans le d\u00e9sert, une autre forme de d\u00e9chets urbains.<\/p>\n<p style=\"text-align: justify;\">Nous sommes en 2010. Des v\u00e9los cass\u00e9s, j\u2019en vois partout. Les photographier est juste devenu une \u00e9vidence, mon smart phone au poing, \u00e7a y est je suis mordue. L\u2019iPhone photographie prend place dans ma vie.<\/p>\n<p style=\"text-align: justify;\">Port\u00e9e par l\u2019enthousiasme et encourag\u00e9e par mes proches, l\u2019acquisition d\u2019un boitier digital devient incontournable. Me voil\u00e0 aux commandes d\u2019un Sony\u00a0NEX\u00a05 tout neuf, maintenant y a plus qu\u2019\u00e0 apprendre\u00a0!<\/p>\n<p style=\"text-align: justify;\">Apr\u00e8s les v\u00e9los, les concerts, les f\u00eates extravagantes, les expos, les rencontres avec d\u2019autres artistes, une foule de personnalit\u00e9s cr\u00e9atives et, bien s\u00fbr, mon beau Harry. Les sujets et les opportuniti\u00e9s se multiplient et se ne ressemblent pas. I\u00a0\u2764\ufe0f\u00a0New\u00a0York<\/p>\n<p style=\"text-align: justify;\">18 mois plus loin, de retour \u00e0 Bruxelles o\u00f9 je suis actuellement bas\u00e9e, la fantastique aventure se poursuit avec l\u2019am\u00e9nagement de mon studio photo.<\/p>\n<p style=\"text-align: justify;\">Pas \u00e0 pas, l\u2019aprentissage continue\u00a0: anniversaires des petits et des grands, vernissages, soir\u00e9es, d\u00e9fil\u00e9s, festivals, \u00e9v\u00e9nements sportifs&#8230; Toutes sortes d\u2019occasion qui apportent de formidables \u00e9changes. En approfondissant le portrait et le reportage, j\u2019ai un gros coup de coeur pour le portrait d\u2019animaux de compagnie, ces animaux de compagnie devenus membres \u00e0 part enti\u00e8re de la famille. Photographier ces gueules d\u2019amour ensoleille ma vie et mon imaginaire artistique.<\/p>\n<p style=\"text-align: justify;\">Aujourd\u2019hui, le tr\u00e9sor de mon affection, ma source d\u2019inspiration s\u2019appelle RoseMarie, h\u00e9 oui, encore un bouledogue fran\u00e7ais\u00a0! Entre nous, il y a aussi une envie plus vaste, le d\u00e9sir essentiel de c\u00e9l\u00e9brer la cause animale, les vies et les \u00e9nergies sauvages menac\u00e9es\u00a0: grands singes, nurseuries d\u2019animaux, esp\u00e8ces en voie d\u2019extinction&#8230;<span class=\"Apple-converted-space\">\u00a0 <\/span>Mais \u00e7a c\u2019est un autre projet, une autre histoire qui se construit petit \u00e0 petit. Affaire \u00e0 suivre&#8230;<\/p>\n<p style=\"text-align: justify;\">Puis, il y a les artistes et les cr\u00e9ateurs dont j\u2019ai la joie de partager le monde, de faire le portrait, photographier les oeuvres et les cr\u00e9ations&#8230; Pour certains, cr\u00e9er et r\u00e9aliser les catalogues d\u2019expo et pour d\u2019autres, les invitations. La mise en valeur des pr\u00e9sentations graphiques me reconnecte \u00e0 mon pr\u00e9c\u00e9dent m\u00e9tier, le graphisme.<\/p>\n<p style=\"text-align: justify;\">En gros, voil\u00e0 le topo \ud83d\ude09<\/p>\n<p>[\/vc_column_text][\/vc_column_inner][vc_column_inner width=&#8221;1\/2&#8243;][vc_column_text]We\u2019re here to help, we\u2019ve written examples of web copy for over 40 industries for you to use at concept phase of your projects to bring a little life and realism to your designs and help you think about who and what you are designing for.\u00a0We want clients and designers alike to think about their design and how it will work with the web copy, we want you think about how numbers.[\/vc_column_text][\/vc_column_inner][\/vc_row_inner][\/vc_column][\/vc_row][vc_row row_height_percent=&#8221;0&#8243; override_padding=&#8221;yes&#8221; h_padding=&#8221;2&#8243; top_padding=&#8221;0&#8243; bottom_padding=&#8221;0&#8243; overlay_alpha=&#8221;50&#8243; gutter_size=&#8221;3&#8243; shift_y=&#8221;0&#8243;][vc_column width=&#8221;1\/1&#8243;][vc_separator][\/vc_column][\/vc_row][vc_row row_height_percent=&#8221;0&#8243; override_padding=&#8221;yes&#8221; h_padding=&#8221;2&#8243; top_padding=&#8221;3&#8243; bottom_padding=&#8221;3&#8243; overlay_color=&#8221;color-xsdn&#8221; overlay_alpha=&#8221;70&#8243; gutter_size=&#8221;100&#8243; shift_y=&#8221;0&#8243; style=&#8221;inherited&#8221; row_name=&#8221;Welcome&#8221;][vc_column column_width_percent=&#8221;100&#8243; overlay_alpha=&#8221;50&#8243; gutter_size=&#8221;1&#8243; medium_width=&#8221;0&#8243; shift_x=&#8221;0&#8243; shift_y=&#8221;0&#8243; z_index=&#8221;0&#8243; width=&#8221;1\/4&#8243;][vc_custom_heading text_size=&#8221;h4&#8243; text_font=&#8221;font-762333&#8243; text_transform=&#8221;capitalize&#8221; text_align=&#8221;text-left&#8221; text_uppercase=&#8221;&#8221;]Skills[\/vc_custom_heading][\/vc_column][vc_column column_width_percent=&#8221;100&#8243; overlay_alpha=&#8221;50&#8243; gutter_size=&#8221;3&#8243; medium_width=&#8221;0&#8243; shift_x=&#8221;0&#8243; shift_y=&#8221;0&#8243; zoom_width=&#8221;0&#8243; zoom_height=&#8221;0&#8243; width=&#8221;3\/4&#8243;][vc_progress_bar values=&#8221;%5B%7B%22label%22%3A%22Development%22%2C%22value%22%3A%2290%22%7D%2C%7B%22label%22%3A%22Design%22%2C%22value%22%3A%2280%22%7D%2C%7B%22label%22%3A%22Marketing%22%2C%22value%22%3A%2270%22%7D%2C%7B%22label%22%3A%22App%20%26%20iOS%22%2C%22value%22%3A%2280%22%7D%5D&#8221; bar_color=&#8221;accent&#8221;][\/vc_column][\/vc_row][vc_row row_height_percent=&#8221;0&#8243; override_padding=&#8221;yes&#8221; h_padding=&#8221;2&#8243; top_padding=&#8221;0&#8243; bottom_padding=&#8221;0&#8243; overlay_alpha=&#8221;50&#8243; gutter_size=&#8221;3&#8243; shift_y=&#8221;0&#8243;][vc_column width=&#8221;1\/1&#8243;][vc_separator][\/vc_column][\/vc_row][vc_row row_height_percent=&#8221;0&#8243; override_padding=&#8221;yes&#8221; h_padding=&#8221;2&#8243; top_padding=&#8221;3&#8243; bottom_padding=&#8221;3&#8243; overlay_color=&#8221;color-xsdn&#8221; overlay_alpha=&#8221;70&#8243; gutter_size=&#8221;100&#8243; border_color=&#8221;color-gyho&#8221; border_style=&#8221;solid&#8221; shift_y=&#8221;0&#8243; style=&#8221;inherited&#8221; row_name=&#8221;Welcome&#8221; css=&#8221;.vc_custom_1438176136018{border-bottom-width: 1px !important;}&#8221;][vc_column column_width_percent=&#8221;100&#8243; overlay_alpha=&#8221;50&#8243; gutter_size=&#8221;1&#8243; medium_width=&#8221;0&#8243; shift_x=&#8221;0&#8243; shift_y=&#8221;0&#8243; z_index=&#8221;0&#8243; width=&#8221;1\/4&#8243;][vc_custom_heading text_size=&#8221;h4&#8243; text_font=&#8221;font-762333&#8243; text_transform=&#8221;capitalize&#8221; text_align=&#8221;text-left&#8221; text_uppercase=&#8221;&#8221;]Clients[\/vc_custom_heading][\/vc_column][vc_column column_width_percent=&#8221;100&#8243; overlay_alpha=&#8221;50&#8243; gutter_size=&#8221;3&#8243; medium_width=&#8221;0&#8243; shift_x=&#8221;0&#8243; shift_y=&#8221;0&#8243; zoom_width=&#8221;0&#8243; zoom_height=&#8221;0&#8243; width=&#8221;3\/4&#8243;][vc_gallery el_id=&#8221;gallery-854575&#8243; medias=&#8221;17917,17917,17917,17917,17917,17917,17917,17917,17917,17917,17917,17917&#8243; gutter_size=&#8221;3&#8243; media_items=&#8221;media|nolink|original,icon&#8221; screen_lg=&#8221;800&#8243; screen_md=&#8221;600&#8243; screen_sm=&#8221;100&#8243; single_width=&#8221;2&#8243; single_overlay_opacity=&#8221;50&#8243; single_text_anim=&#8221;no&#8221; single_overlay_anim=&#8221;no&#8221; single_image_anim=&#8221;no&#8221; single_padding=&#8221;2&#8243; single_border=&#8221;yes&#8221; carousel_rtl=&#8221;&#8221;][\/vc_column][\/vc_row]<\/p>","protected":false},"excerpt":{"rendered":"<p>[vc_row row_height_percent=&#8221;50&#8243; override_padding=&#8221;yes&#8221; h_padding=&#8221;2&#8243; top_padding=&#8221;3&#8243; bottom_padding=&#8221;3&#8243; back_color=&#8221;color-wayh&#8221; back_image=&#8221;11307&#8243; back_position=&#8221;center top&#8221; overlay_color=&#8221;accent&#8221; overlay_alpha=&#8221;90&#8243; gutter_size=&#8221;3&#8243; shift_y=&#8221;0&#8243;][vc_column column_width_percent=&#8221;100&#8243; position_vertical=&#8221;bottom&#8221; style=&#8221;dark&#8221; overlay_alpha=&#8221;50&#8243; gutter_size=&#8221;3&#8243; medium_width=&#8221;0&#8243; [&hellip;]<\/p>\n","protected":false},"author":1,"featured_media":0,"parent":36601,"menu_order":0,"comment_status":"open","ping_status":"closed","template":"","meta":[],"_links":{"self":[{"href":"http:\/\/gwendolinedebacker.com\/en\/wp-json\/wp\/v2\/pages\/3624"}],"collection":[{"href":"http:\/\/gwendolinedebacker.com\/en\/wp-json\/wp\/v2\/pages"}],"about":[{"href":"http:\/\/gwendolinedebacker.com\/en\/wp-json\/wp\/v2\/types\/page"}],"author":[{"embeddable":true,"href":"http:\/\/gwendolinedebacker.com\/en\/wp-json\/wp\/v2\/users\/1"}],"replies":[{"embeddable":true,"href":"http:\/\/gwendolinedebacker.com\/en\/wp-json\/wp\/v2\/comments?post=3624"}],"version-history":[{"count":16,"href":"http:\/\/gwendolinedebacker.com\/en\/wp-json\/wp\/v2\/pages\/3624\/revisions"}],"predecessor-version":[{"id":74433,"href":"http:\/\/gwendolinedebacker.com\/en\/wp-json\/wp\/v2\/pages\/3624\/revisions\/74433"}],"up":[{"embeddable":true,"href":"http:\/\/gwendolinedebacker.com\/en\/wp-json\/wp\/v2\/pages\/36601"}],"wp:attachment":[{"href":"http:\/\/gwendolinedebacker.com\/en\/wp-json\/wp\/v2\/media?parent=3624"}],"curies":[{"name":"wp","href":"https:\/\/api.w.org\/{rel}","templated":true}]}}